{"id":95,"date":"2015-06-18T20:46:00","date_gmt":"2015-06-18T19:46:00","guid":{"rendered":"http:\/\/localhost:8080\/Crazyrunnersshop\/?page_id=95"},"modified":"2015-08-14T15:24:07","modified_gmt":"2015-08-14T14:24:07","slug":"a-propos","status":"publish","type":"page","link":"https:\/\/crazyrunnersshop.fr\/?page_id=95","title":{"rendered":"A Propos"},"content":{"rendered":"<p><img loading=\"lazy\" decoding=\"async\" class=\"  wp-image-138 size-medium alignleft\" title=\"Thierry Sellem\" src=\"https:\/\/crazyrunnersshop.fr\/wp-content\/uploads\/2015\/06\/11292621_10153359806672270_1147666131_n-e1434985833570-234x300.jpg\" alt=\"Thierry Sellem\" width=\"234\" height=\"300\" srcset=\"https:\/\/crazyrunnersshop.fr\/wp-content\/uploads\/2015\/06\/11292621_10153359806672270_1147666131_n-e1434985833570-234x300.jpg 234w, https:\/\/crazyrunnersshop.fr\/wp-content\/uploads\/2015\/06\/11292621_10153359806672270_1147666131_n-e1434985833570.jpg 464w\" sizes=\"auto, (max-width: 234px) 100vw, 234px\" \/><\/p>\n<p style=\"text-align: left;\">Crazy Runners Shop est n\u00e9 ! les plus grandes marques sont pr\u00e9sent\u00e9es ainsi que des gammes d&rsquo;\u00e9quipements plus sp\u00e9cifiques.<br \/>\nCrazy Runners Shop est un lieu d&rsquo;\u00e9changes et de d\u00e9couverte o\u00f9 se rencontrent tous ceux qui courent : du jogger occasionnel au marathonien aguerri, du fan de trails ou de longues distances.<br \/>\nPratiquant de course \u00e0 pied depuis 15 ans, j&rsquo;ai couru tous les grands marathons mondiaux, avec une meilleure performance en 2h59&rsquo;59, mais aussi les plus grands Ultra Trail (UTMB, Diagonale des fous\u2026).<br \/>\nC\u2019est cette passion que je d\u00e9sire partager aujourd\u2019hui avec cette grande famille de la course \u00e0 pied et du Trail en cr\u00e9ant un magasin d\u00e9di\u00e9 et sp\u00e9cialis\u00e9 dans ces domaines.<br \/>\nA quelques foul\u00e9es du Champs de Mars, courez d\u00e9couvrir le nouveau concept Crazy Runners Shop et b\u00e9n\u00e9ficiez du conseil personnalis\u00e9 pour le choix de vos chaussures et autres articles de running\/Trail !<\/p>\n<p style=\"text-align: left;\">Thierry Sellem.<\/p>\n<p>&nbsp;<\/p>\n","protected":false},"excerpt":{"rendered":"<p>Crazy Runners Shop est n\u00e9 ! les plus grandes marques sont pr\u00e9sent\u00e9es ainsi que des gammes d&rsquo;\u00e9quipements plus sp\u00e9cifiques. Crazy Runners Shop est un lieu d&rsquo;\u00e9changes et de d\u00e9couverte o\u00f9 se rencontrent tous ceux qui courent : du jogger occasionnel au marathonien aguerri, du fan de trails ou de longues distances. Pratiquant de course \u00e0 [&hellip;]<\/p>\n","protected":false},"author":1,"featured_media":0,"parent":0,"menu_order":0,"comment_status":"open","ping_status":"open","template":"","meta":{"rop_custom_images_group":[],"rop_custom_messages_group":[],"rop_publish_now":"initial","rop_publish_now_accounts":[],"rop_publish_now_history":[],"rop_publish_now_status":"pending","ngg_post_thumbnail":0,"footnotes":""},"class_list":["post-95","page","type-page","status-publish","hentry"],"_links":{"self":[{"href":"https:\/\/crazyrunnersshop.fr\/index.php?rest_route=\/wp\/v2\/pages\/95","targetHints":{"allow":["GET"]}}],"collection":[{"href":"https:\/\/crazyrunnersshop.fr\/index.php?rest_route=\/wp\/v2\/pages"}],"about":[{"href":"https:\/\/crazyrunnersshop.fr\/index.php?rest_route=\/wp\/v2\/types\/page"}],"author":[{"embeddable":true,"href":"https:\/\/crazyrunnersshop.fr\/index.php?rest_route=\/wp\/v2\/users\/1"}],"replies":[{"embeddable":true,"href":"https:\/\/crazyrunnersshop.fr\/index.php?rest_route=%2Fwp%2Fv2%2Fcomments&post=95"}],"version-history":[{"count":14,"href":"https:\/\/crazyrunnersshop.fr\/index.php?rest_route=\/wp\/v2\/pages\/95\/revisions"}],"predecessor-version":[{"id":155,"href":"https:\/\/crazyrunnersshop.fr\/index.php?rest_route=\/wp\/v2\/pages\/95\/revisions\/155"}],"wp:attachment":[{"href":"https:\/\/crazyrunnersshop.fr\/index.php?rest_route=%2Fwp%2Fv2%2Fmedia&parent=95"}],"curies":[{"name":"wp","href":"https:\/\/api.w.org\/{rel}","templated":true}]}}